{"id":705,"date":"2024-05-25T21:07:40","date_gmt":"2024-05-25T19:07:40","guid":{"rendered":"https:\/\/dev.smr-legal.de\/?page_id=705"},"modified":"2024-06-25T08:38:40","modified_gmt":"2024-06-25T06:38:40","slug":"pro-bono","status":"publish","type":"page","link":"https:\/\/smr-legal.de\/fr\/pro-bono\/","title":{"rendered":"Pro Bono"},"content":{"rendered":"<div data-elementor-type=\"wp-page\" data-elementor-id=\"705\" class=\"elementor elementor-705\" data-elementor-post-type=\"page\">\n\t\t\t\t<div class=\"elementor-element elementor-element-b51b7dd e-con-full e-flex e-con e-parent\" data-id=\"b51b7dd\" data-element_type=\"container\" data-e-type=\"container\">\n\t\t\t\t<div class=\"elementor-element elementor-element-7802a88 elementor-widget elementor-widget-heading\" data-id=\"7802a88\" data-element_type=\"widget\" data-e-type=\"widget\" data-widget_type=\"heading.default\">\n\t\t\t\t\t<h2 class=\"elementor-heading-title elementor-size-default\">Nous soutenons la responsabilit\u00e9 sociale des entreprises: conseils aux organisations \u00e0 but non lucratif.<\/h2>\t\t\t\t<\/div>\n\t\t\t\t<div class=\"elementor-element elementor-element-daa6565 elementor-widget elementor-widget-image\" data-id=\"daa6565\" data-element_type=\"widget\" data-e-type=\"widget\" data-widget_type=\"image.default\">\n\t\t\t\t\t\t\t\t\t\t\t\t\t\t\t<img fetchpriority=\"high\" decoding=\"async\" width=\"768\" height=\"512\" src=\"https:\/\/smr-legal.de\/wp-content\/uploads\/2024\/04\/anwaelte-vereinsrecht-erstellen-vertrag-fuer-gemeinnuetzigen-verein-768x512.jpg\" class=\"attachment-medium_large size-medium_large wp-image-269\" alt=\"\" srcset=\"https:\/\/smr-legal.de\/wp-content\/uploads\/2024\/04\/anwaelte-vereinsrecht-erstellen-vertrag-fuer-gemeinnuetzigen-verein-768x512.jpg 768w, https:\/\/smr-legal.de\/wp-content\/uploads\/2024\/04\/anwaelte-vereinsrecht-erstellen-vertrag-fuer-gemeinnuetzigen-verein-300x200.jpg 300w, https:\/\/smr-legal.de\/wp-content\/uploads\/2024\/04\/anwaelte-vereinsrecht-erstellen-vertrag-fuer-gemeinnuetzigen-verein-1024x683.jpg 1024w, https:\/\/smr-legal.de\/wp-content\/uploads\/2024\/04\/anwaelte-vereinsrecht-erstellen-vertrag-fuer-gemeinnuetzigen-verein-1536x1024.jpg 1536w, https:\/\/smr-legal.de\/wp-content\/uploads\/2024\/04\/anwaelte-vereinsrecht-erstellen-vertrag-fuer-gemeinnuetzigen-verein.jpg 1600w\" sizes=\"(max-width: 768px) 100vw, 768px\" \/>\t\t\t\t\t\t\t\t\t\t\t\t\t\t\t<\/div>\n\t\t<div class=\"elementor-element elementor-element-f0f246a e-flex e-con-boxed e-con e-child\" data-id=\"f0f246a\" data-element_type=\"container\" data-e-type=\"container\">\n\t\t\t\t\t<div class=\"e-con-inner\">\n\t\t<div class=\"elementor-element elementor-element-a8a1310 e-con-full e-flex e-con e-child\" data-id=\"a8a1310\" data-element_type=\"container\" data-e-type=\"container\">\n\t\t\t\t<div class=\"elementor-element elementor-element-3f2bc8c elementor-widget elementor-widget-text-editor\" data-id=\"3f2bc8c\" data-element_type=\"widget\" data-e-type=\"widget\" data-widget_type=\"text-editor.default\">\n\t\t\t\t\t\t\t\t\t<p class=\"translation-block\">En nous engageant dans le Pro-Bono, nous souhaitons nous acquitter de notre responsabilit\u00e9 sociale, aussi bien en tant qu\u2019avocats qu\u2019en tant que parents.<\/p>\t\t\t\t\t\t\t\t<\/div>\n\t\t\t\t<\/div>\n\t\t<div class=\"elementor-element elementor-element-ed38acf e-flex e-con-boxed e-con e-child\" data-id=\"ed38acf\" data-element_type=\"container\" data-e-type=\"container\">\n\t\t\t\t\t<div class=\"e-con-inner\">\n\t\t\t\t<div class=\"elementor-element elementor-element-7e32d75 elementor-widget elementor-widget-image\" data-id=\"7e32d75\" data-element_type=\"widget\" data-e-type=\"widget\" data-widget_type=\"image.default\">\n\t\t\t\t\t\t\t\t\t\t\t\t\t\t\t<img decoding=\"async\" width=\"800\" height=\"533\" src=\"https:\/\/smr-legal.de\/wp-content\/uploads\/2024\/04\/duesseldorf-kita-foerderverein-kinder-1024x682.jpg\" class=\"attachment-large size-large wp-image-273\" alt=\"\" srcset=\"https:\/\/smr-legal.de\/wp-content\/uploads\/2024\/04\/duesseldorf-kita-foerderverein-kinder-1024x682.jpg 1024w, https:\/\/smr-legal.de\/wp-content\/uploads\/2024\/04\/duesseldorf-kita-foerderverein-kinder-300x200.jpg 300w, https:\/\/smr-legal.de\/wp-content\/uploads\/2024\/04\/duesseldorf-kita-foerderverein-kinder-768x512.jpg 768w, https:\/\/smr-legal.de\/wp-content\/uploads\/2024\/04\/duesseldorf-kita-foerderverein-kinder.jpg 1400w\" sizes=\"(max-width: 800px) 100vw, 800px\" \/>\t\t\t\t\t\t\t\t\t\t\t\t\t\t\t<\/div>\n\t\t\t\t<div class=\"elementor-element elementor-element-59eaa19 elementor-widget elementor-widget-text-editor translation-block\" data-id=\"59eaa19\" data-element_type=\"widget\" data-e-type=\"widget\" data-widget_type=\"text-editor.default\">Nous soutenons avec plaisir l'association de promotion Kita Sulzbachstra\u00dfe D\u00fcsseldorf e.V., D\u00fcsseldorf et l'association Create to Care Initiative \/ CANCEL CANCER e.V., Bremerhaven.<\/div>\n\t\t\t\t\t<\/div>\n\t\t\t\t<\/div>\n\t\t\t\t\t<\/div>\n\t\t\t\t<\/div>\n\t\t\t\t<\/div>\n\t\t\t\t<\/div>","protected":false},"excerpt":{"rendered":"<p>Wir tragen gesellschaftliche Verantwortung: Beratung f\u00fcr gemeinn\u00fctzige Organisationen. Mit unserer\u00a0Pro-Bono-T\u00e4tigkeit\u00a0m\u00f6chten wir unserer gesellschaftlichen und sozialen Verantwortung nachkommen \u2013 als Anw\u00e4lte &amp; Eltern. Wir unterst\u00fctzen mit Freuden den\u00a0F\u00f6rderverein Kita Sulzbachstra\u00dfe D\u00fcsseldorf e.V., D\u00fcsseldorf und die\u00a0Create to Care Initiative \/\u00a0CANCEL CANCER e.V., Bremerhaven.<\/p>","protected":false},"author":1,"featured_media":264,"parent":0,"menu_order":0,"comment_status":"closed","ping_status":"closed","template":"","meta":{"_acf_changed":false,"footnotes":""},"class_list":["post-705","page","type-page","status-publish","has-post-thumbnail","hentry"],"acf":[],"yoast_head":"<!-- This site is optimized with the Yoast SEO plugin v27.5 - https:\/\/yoast.com\/product\/yoast-seo-wordpress\/ -->\n<title>Pro Bono - Stroschein &amp; Makowka<\/title>\n<meta name=\"robots\" content=\"index, follow, max-snippet:-1, max-image-preview:large, max-video-preview:-1\" \/>\n<link rel=\"canonical\" href=\"https:\/\/smr-legal.de\/fr\/pro-bono\/\" \/>\n<meta property=\"og:locale\" content=\"fr_FR\" \/>\n<meta property=\"og:type\" content=\"article\" \/>\n<meta property=\"og:title\" content=\"Pro Bono - Stroschein &amp; Makowka\" \/>\n<meta property=\"og:description\" content=\"Wir tragen gesellschaftliche Verantwortung: Beratung f\u00fcr gemeinn\u00fctzige Organisationen. Mit unserer\u00a0Pro-Bono-T\u00e4tigkeit\u00a0m\u00f6chten wir unserer gesellschaftlichen und sozialen Verantwortung nachkommen \u2013 als Anw\u00e4lte &amp; Eltern. Wir unterst\u00fctzen mit Freuden den\u00a0F\u00f6rderverein Kita Sulzbachstra\u00dfe D\u00fcsseldorf e.V., D\u00fcsseldorf und die\u00a0Create to Care Initiative \/\u00a0CANCEL CANCER e.V., Bremerhaven.\" \/>\n<meta property=\"og:url\" content=\"https:\/\/smr-legal.de\/fr\/pro-bono\/\" \/>\n<meta property=\"og:site_name\" content=\"Stroschein &amp; Makowka\" \/>\n<meta property=\"article:publisher\" content=\"https:\/\/www.facebook.com\/StroscheinMakowka\" \/>\n<meta property=\"article:modified_time\" content=\"2024-06-25T06:38:40+00:00\" \/>\n<meta property=\"og:image\" content=\"https:\/\/smr-legal.de\/wp-content\/uploads\/2024\/04\/sm_header-probono.jpg\" \/>\n\t<meta property=\"og:image:width\" content=\"1920\" \/>\n\t<meta property=\"og:image:height\" content=\"682\" \/>\n\t<meta property=\"og:image:type\" content=\"image\/jpeg\" \/>\n<meta name=\"twitter:card\" content=\"summary_large_image\" \/>\n<meta name=\"twitter:label1\" content=\"Dur\u00e9e de lecture estim\u00e9e\" \/>\n\t<meta name=\"twitter:data1\" content=\"1 minute\" \/>\n<script type=\"application\/ld+json\" class=\"yoast-schema-graph\">{\"@context\":\"https:\\\/\\\/schema.org\",\"@graph\":[{\"@type\":\"WebPage\",\"@id\":\"https:\\\/\\\/smr-legal.de\\\/pro-bono\\\/\",\"url\":\"https:\\\/\\\/smr-legal.de\\\/pro-bono\\\/\",\"name\":\"Pro Bono - Stroschein &amp; Makowka\",\"isPartOf\":{\"@id\":\"https:\\\/\\\/smr-legal.de\\\/en\\\/#website\"},\"primaryImageOfPage\":{\"@id\":\"https:\\\/\\\/smr-legal.de\\\/pro-bono\\\/#primaryimage\"},\"image\":{\"@id\":\"https:\\\/\\\/smr-legal.de\\\/pro-bono\\\/#primaryimage\"},\"thumbnailUrl\":\"https:\\\/\\\/smr-legal.de\\\/wp-content\\\/uploads\\\/2024\\\/04\\\/sm_header-probono.jpg\",\"datePublished\":\"2024-05-25T19:07:40+00:00\",\"dateModified\":\"2024-06-25T06:38:40+00:00\",\"breadcrumb\":{\"@id\":\"https:\\\/\\\/smr-legal.de\\\/pro-bono\\\/#breadcrumb\"},\"inLanguage\":\"fr-FR\",\"potentialAction\":[{\"@type\":\"ReadAction\",\"target\":[\"https:\\\/\\\/smr-legal.de\\\/pro-bono\\\/\"]}]},{\"@type\":\"ImageObject\",\"inLanguage\":\"fr-FR\",\"@id\":\"https:\\\/\\\/smr-legal.de\\\/pro-bono\\\/#primaryimage\",\"url\":\"https:\\\/\\\/smr-legal.de\\\/wp-content\\\/uploads\\\/2024\\\/04\\\/sm_header-probono.jpg\",\"contentUrl\":\"https:\\\/\\\/smr-legal.de\\\/wp-content\\\/uploads\\\/2024\\\/04\\\/sm_header-probono.jpg\",\"width\":1920,\"height\":682},{\"@type\":\"BreadcrumbList\",\"@id\":\"https:\\\/\\\/smr-legal.de\\\/pro-bono\\\/#breadcrumb\",\"itemListElement\":[{\"@type\":\"ListItem\",\"position\":1,\"name\":\"Startseite\",\"item\":\"https:\\\/\\\/smr-legal.de\\\/\"},{\"@type\":\"ListItem\",\"position\":2,\"name\":\"Pro Bono\"}]},{\"@type\":\"WebSite\",\"@id\":\"https:\\\/\\\/smr-legal.de\\\/en\\\/#website\",\"url\":\"https:\\\/\\\/smr-legal.de\\\/en\\\/\",\"name\":\"Stroschein & Makowka\",\"description\":\"Fachanw\u00e4lte f\u00fcr Handels- und Gesellschaftsrecht &amp; Internationales Wirtschaftsrecht\",\"publisher\":{\"@id\":\"https:\\\/\\\/smr-legal.de\\\/en\\\/#organization\"},\"potentialAction\":[{\"@type\":\"SearchAction\",\"target\":{\"@type\":\"EntryPoint\",\"urlTemplate\":\"https:\\\/\\\/smr-legal.de\\\/en\\\/?s={search_term_string}\"},\"query-input\":{\"@type\":\"PropertyValueSpecification\",\"valueRequired\":true,\"valueName\":\"search_term_string\"}}],\"inLanguage\":\"fr-FR\"},{\"@type\":\"Organization\",\"@id\":\"https:\\\/\\\/smr-legal.de\\\/en\\\/#organization\",\"name\":\"Stroschein & Makowka Partnerschaftsgesellschaft mbB\",\"url\":\"https:\\\/\\\/smr-legal.de\\\/en\\\/\",\"logo\":{\"@type\":\"ImageObject\",\"inLanguage\":\"fr-FR\",\"@id\":\"https:\\\/\\\/smr-legal.de\\\/en\\\/#\\\/schema\\\/logo\\\/image\\\/\",\"url\":\"https:\\\/\\\/smr-legal.de\\\/wp-content\\\/uploads\\\/2024\\\/04\\\/logo-sm-gr.png\",\"contentUrl\":\"https:\\\/\\\/smr-legal.de\\\/wp-content\\\/uploads\\\/2024\\\/04\\\/logo-sm-gr.png\",\"width\":2200,\"height\":550,\"caption\":\"Stroschein & Makowka Partnerschaftsgesellschaft mbB\"},\"image\":{\"@id\":\"https:\\\/\\\/smr-legal.de\\\/en\\\/#\\\/schema\\\/logo\\\/image\\\/\"},\"sameAs\":[\"https:\\\/\\\/www.facebook.com\\\/StroscheinMakowka\",\"https:\\\/\\\/www.instagram.com\\\/stroscheinmakowka\\\/\"]}]}<\/script>\n<!-- \/ Yoast SEO plugin. -->","yoast_head_json":{"title":"Pro Bono - Stroschein &amp; Makowka","robots":{"index":"index","follow":"follow","max-snippet":"max-snippet:-1","max-image-preview":"max-image-preview:large","max-video-preview":"max-video-preview:-1"},"canonical":"https:\/\/smr-legal.de\/fr\/pro-bono\/","og_locale":"fr_FR","og_type":"article","og_title":"Pro Bono - Stroschein &amp; Makowka","og_description":"Wir tragen gesellschaftliche Verantwortung: Beratung f\u00fcr gemeinn\u00fctzige Organisationen. Mit unserer\u00a0Pro-Bono-T\u00e4tigkeit\u00a0m\u00f6chten wir unserer gesellschaftlichen und sozialen Verantwortung nachkommen \u2013 als Anw\u00e4lte &amp; Eltern. Wir unterst\u00fctzen mit Freuden den\u00a0F\u00f6rderverein Kita Sulzbachstra\u00dfe D\u00fcsseldorf e.V., D\u00fcsseldorf und die\u00a0Create to Care Initiative \/\u00a0CANCEL CANCER e.V., Bremerhaven.","og_url":"https:\/\/smr-legal.de\/fr\/pro-bono\/","og_site_name":"Stroschein &amp; Makowka","article_publisher":"https:\/\/www.facebook.com\/StroscheinMakowka","article_modified_time":"2024-06-25T06:38:40+00:00","og_image":[{"width":1920,"height":682,"url":"https:\/\/smr-legal.de\/wp-content\/uploads\/2024\/04\/sm_header-probono.jpg","type":"image\/jpeg"}],"twitter_card":"summary_large_image","twitter_misc":{"Dur\u00e9e de lecture estim\u00e9e":"1 minute"},"schema":{"@context":"https:\/\/schema.org","@graph":[{"@type":"WebPage","@id":"https:\/\/smr-legal.de\/pro-bono\/","url":"https:\/\/smr-legal.de\/pro-bono\/","name":"Pro Bono - Stroschein &amp; Makowka","isPartOf":{"@id":"https:\/\/smr-legal.de\/en\/#website"},"primaryImageOfPage":{"@id":"https:\/\/smr-legal.de\/pro-bono\/#primaryimage"},"image":{"@id":"https:\/\/smr-legal.de\/pro-bono\/#primaryimage"},"thumbnailUrl":"https:\/\/smr-legal.de\/wp-content\/uploads\/2024\/04\/sm_header-probono.jpg","datePublished":"2024-05-25T19:07:40+00:00","dateModified":"2024-06-25T06:38:40+00:00","breadcrumb":{"@id":"https:\/\/smr-legal.de\/pro-bono\/#breadcrumb"},"inLanguage":"fr-FR","potentialAction":[{"@type":"ReadAction","target":["https:\/\/smr-legal.de\/pro-bono\/"]}]},{"@type":"ImageObject","inLanguage":"fr-FR","@id":"https:\/\/smr-legal.de\/pro-bono\/#primaryimage","url":"https:\/\/smr-legal.de\/wp-content\/uploads\/2024\/04\/sm_header-probono.jpg","contentUrl":"https:\/\/smr-legal.de\/wp-content\/uploads\/2024\/04\/sm_header-probono.jpg","width":1920,"height":682},{"@type":"BreadcrumbList","@id":"https:\/\/smr-legal.de\/pro-bono\/#breadcrumb","itemListElement":[{"@type":"ListItem","position":1,"name":"Startseite","item":"https:\/\/smr-legal.de\/"},{"@type":"ListItem","position":2,"name":"Pro Bono"}]},{"@type":"WebSite","@id":"https:\/\/smr-legal.de\/en\/#website","url":"https:\/\/smr-legal.de\/en\/","name":"Stroschein & Makowka","description":"Avocats Sp\u00e9cialiste en droit commercial et droit des soci\u00e9t\u00e9s","publisher":{"@id":"https:\/\/smr-legal.de\/en\/#organization"},"potentialAction":[{"@type":"SearchAction","target":{"@type":"EntryPoint","urlTemplate":"https:\/\/smr-legal.de\/en\/?s={search_term_string}"},"query-input":{"@type":"PropertyValueSpecification","valueRequired":true,"valueName":"search_term_string"}}],"inLanguage":"fr-FR"},{"@type":"Organization","@id":"https:\/\/smr-legal.de\/en\/#organization","name":"Stroschein &amp; Makowka Partnerschaftsgesellschaft mbB","url":"https:\/\/smr-legal.de\/en\/","logo":{"@type":"ImageObject","inLanguage":"fr-FR","@id":"https:\/\/smr-legal.de\/en\/#\/schema\/logo\/image\/","url":"https:\/\/smr-legal.de\/wp-content\/uploads\/2024\/04\/logo-sm-gr.png","contentUrl":"https:\/\/smr-legal.de\/wp-content\/uploads\/2024\/04\/logo-sm-gr.png","width":2200,"height":550,"caption":"Stroschein & Makowka Partnerschaftsgesellschaft mbB"},"image":{"@id":"https:\/\/smr-legal.de\/en\/#\/schema\/logo\/image\/"},"sameAs":["https:\/\/www.facebook.com\/StroscheinMakowka","https:\/\/www.instagram.com\/stroscheinmakowka\/"]}]}},"_links":{"self":[{"href":"https:\/\/smr-legal.de\/fr\/wp-json\/wp\/v2\/pages\/705","targetHints":{"allow":["GET"]}}],"collection":[{"href":"https:\/\/smr-legal.de\/fr\/wp-json\/wp\/v2\/pages"}],"about":[{"href":"https:\/\/smr-legal.de\/fr\/wp-json\/wp\/v2\/types\/page"}],"author":[{"embeddable":true,"href":"https:\/\/smr-legal.de\/fr\/wp-json\/wp\/v2\/users\/1"}],"replies":[{"embeddable":true,"href":"https:\/\/smr-legal.de\/fr\/wp-json\/wp\/v2\/comments?post=705"}],"version-history":[{"count":0,"href":"https:\/\/smr-legal.de\/fr\/wp-json\/wp\/v2\/pages\/705\/revisions"}],"wp:featuredmedia":[{"embeddable":true,"href":"https:\/\/smr-legal.de\/fr\/wp-json\/wp\/v2\/media\/264"}],"wp:attachment":[{"href":"https:\/\/smr-legal.de\/fr\/wp-json\/wp\/v2\/media?parent=705"}],"curies":[{"name":"wp","href":"https:\/\/api.w.org\/{rel}","templated":true}]}}